{"id":1491,"date":"2019-12-07T00:08:50","date_gmt":"2019-12-06T23:08:50","guid":{"rendered":"http:\/\/tanyathaimassage.ma\/?page_id=1491"},"modified":"2021-01-05T16:43:18","modified_gmt":"2021-01-05T15:43:18","slug":"temoignages","status":"publish","type":"page","link":"https:\/\/tanyathaimassage.ma\/index.php\/temoignages\/","title":{"rendered":"T\u00e9moignages"},"content":{"rendered":"[vc_row full_width=\u00a0\u00bbstretch_row\u00a0\u00bb content_placement=\u00a0\u00bbmiddle\u00a0\u00bb parallax=\u00a0\u00bbcontent-moving\u00a0\u00bb parallax_image=\u00a0\u00bb1060&Prime; css=\u00a0\u00bb.vc_custom_1575672514904{margin-top: 60px !important;padding-top: 90px !important;padding-bottom: 90px !important;}\u00a0\u00bb el_class=\u00a0\u00bbnd_options_vc_parallax_filter_2_2&Prime;][vc_column width=\u00a0\u00bb6\/12&Prime; css=\u00a0\u00bb.vc_custom_1484647121270{padding-top: 0px !important;}\u00a0\u00bb]<div style=\"background-color:; height: 10px;\" class=\"nicdark_section  \"><\/div> <h3 style=\"color:#ffffff; padding:px; text-align:center; font-size:40px; line-height:40px; letter-spacing: 3px; font-weight:lighter;\" class=\"   nd_options_second_font \">Elle parle de nous !<\/h3> <div style=\"background-color:; height: 10px;\" class=\"nicdark_section  \"><\/div><div style=\"background-color:; height: 10px;\" class=\"nicdark_section  \"><\/div><div style=\"background-color:; height: 10px;\" class=\"nicdark_section  \"><\/div> <h3 style=\"color:#ffffff; padding:px; text-align:center; font-size:14px; line-height:14px; letter-spacing: 5px; font-weight:bold;\" class=\"   nd_options_first_font \">D\u00e8s qu'on passe la porte du SPA on est tout de suite detendu grace a l'ambiance merveilleuse et la music douce, sans oublier l'accueil et le beau sourire de Tanya. Personnellement, j atteste du professionnalisme de Tanya et de son savoir faire pas seulement, comme masseuse mais surtout sa comp\u00e9tence a faire disparaitre mes douleurs dorsales et tous les noeuds au niveau du cou et \u00e9paules. Aussi, Tanya est toujours au petit soin elle nous chouchoute avec son th\u00e9 Magic et les fruits secs(noix de cajou, amandes....) A FAIRE &amp; A REFAIRE CERTES \ud83d\udc4d\ud83c\udffb .<\/h3> <div style=\"background-color:; height: 10px;\" class=\"nicdark_section  \"><\/div> <h3 style=\"color:#ffffff; padding:px; text-align:center; font-size:14px; line-height:14px; letter-spacing: 5px; font-weight:bold;\" class=\"   nd_options_first_font \">Mlle. HALIMA<\/h3> [\/vc_column][vc_column width=\u00a0\u00bb1\/12&Prime;][\/vc_column][vc_column width=\u00a0\u00bb5\/12&Prime; css=\u00a0\u00bb.vc_custom_1485873822074{padding-right: 30px !important;padding-left: 30px !important;}\u00a0\u00bb]<div style=\"background-color:; height: 10px;\" class=\"nicdark_section  \"><\/div>[vc_row_inner][vc_column_inner css=\u00a0\u00bb.vc_custom_1485873845801{padding-top: 30px !important;padding-right: 30px !important;padding-bottom: 30px !important;padding-left: 30px !important;background-color: #ffffff !important;}\u00a0\u00bb]\n\n  <div class=\"  nd_options_section nd_options_position_relative nd_options_fadein_fadeout nd_options_overflow_hidden\">    \n\n    <img alt=\"\" class=\"nd_options_section nd_options_zoom_image\" src=\"https:\/\/tanyathaimassage.ma\/wp-content\/uploads\/2019\/12\/IMG-20191206-WA0054.jpg\">\n\n    <!--filter-->\n    <div class=\"nd_options_fadeout nd_options_bg_greydark_alpha_2_2 nd_options_position_absolute nd_options_height_100_percentage nd_options_width_100_percentage\">  \n    <\/div>\n    <!--end filter-->\n\n    <!--start content-->\n    <div class=\"nd_options_fadein nd_options_bg_greydark_alpha_5 nd_options_position_absolute nd_options_height_100_percentage nd_options_width_100_percentage\">\n        <div class=\"nd_options_position_absolute nd_options_display_table nd_options_height_100_percentage nd_options_width_100_percentage\">\n            <div class=\"nd_options_display_table_cell nd_options_vertical_align_middle nd_options_text_align_center\">\n                <h3 style=\"color:#fff; font-size:17px; line-height:17px;\" class=\"\"><\/h3>\n                <div class=\"nd_options_section nd_options_height_20\"><\/div>\n                <div class=\"nd_options_mpopup_gallery\"><a style=\"font-size:15px; line-height:15px; color:#fff;\" class=\" nd_options_outline_0  nd_options_mpopup_gallery\" href=\"https:\/\/tanyathaimassage.ma\/wp-content\/uploads\/2019\/12\/IMG-20191206-WA0054.jpg\"><\/a><\/div>\n            <\/div>   \n        <\/div>   \n    <\/div>\n    <!--end content-->\n\n<\/div>\n\n   [\/vc_column_inner][\/vc_row_inner]<div style=\"background-color:; height: 10px;\" class=\"nicdark_section  \"><\/div>[\/vc_column][\/vc_row][vc_row full_width=\u00a0\u00bbstretch_row\u00a0\u00bb content_placement=\u00a0\u00bbmiddle\u00a0\u00bb parallax=\u00a0\u00bbcontent-moving\u00a0\u00bb parallax_image=\u00a0\u00bb1060&Prime; css=\u00a0\u00bb.vc_custom_1575672514904{margin-top: 60px !important;padding-top: 90px !important;padding-bottom: 90px !important;}\u00a0\u00bb el_class=\u00a0\u00bbnd_options_vc_parallax_filter_2_2&Prime;][vc_column width=\u00a0\u00bb6\/12&Prime; css=\u00a0\u00bb.vc_custom_1484647121270{padding-top: 0px !important;}\u00a0\u00bb]<div style=\"background-color:; height: 10px;\" class=\"nicdark_section  \"><\/div> <h3 style=\"color:#ffffff; padding:px; text-align:center; font-size:40px; line-height:40px; letter-spacing: 3px; font-weight:lighter;\" class=\"   nd_options_second_font \">Il parle de nous !<\/h3> <div style=\"background-color:; height: 10px;\" class=\"nicdark_section  \"><\/div><div style=\"background-color:; height: 10px;\" class=\"nicdark_section  \"><\/div><div style=\"background-color:; height: 10px;\" class=\"nicdark_section  \"><\/div> <h3 style=\"color:#ffffff; padding:px; text-align:center; font-size:14px; line-height:14px; letter-spacing: 3px; font-weight:bold;\" class=\"   nd_options_first_font \">Je voulais vous faire part de la qualit\u00e9 des massages prodigu\u00e9s par Tania. Sa main experte et son toucher fin assurent une vraie d\u00e9tente mais surtout permettent de r\u00e9gler certains troubles musculo- squelettiques. On se sent bien aussit\u00f4t, le cadre est agr\u00e9able et Tania prend toujours son temps . Tout cela rendant l'exp\u00e9rience tr\u00e8s agr\u00e9able.<\/h3> <div style=\"background-color:; height: 10px;\" class=\"nicdark_section  \"><\/div> <h3 style=\"color:#ffffff; padding:px; text-align:center; font-size:30px; line-height:40px; letter-spacing: 3px; font-weight:lighter;\" class=\"   nd_options_second_font \">S. Karoui<\/h3> [\/vc_column][vc_column width=\u00a0\u00bb1\/12&Prime;][\/vc_column][vc_column width=\u00a0\u00bb5\/12&Prime; css=\u00a0\u00bb.vc_custom_1485873822074{padding-right: 30px !important;padding-left: 30px !important;}\u00a0\u00bb]<div style=\"background-color:; height: 10px;\" class=\"nicdark_section  \"><\/div>[vc_row_inner][vc_column_inner css=\u00a0\u00bb.vc_custom_1485873845801{padding-top: 30px !important;padding-right: 30px !important;padding-bottom: 30px !important;padding-left: 30px !important;background-color: #ffffff !important;}\u00a0\u00bb]\n\n  <div class=\"  nd_options_section nd_options_position_relative nd_options_fadein_fadeout nd_options_overflow_hidden\">    \n\n    <img alt=\"\" class=\"nd_options_section nd_options_zoom_image\" src=\"https:\/\/tanyathaimassage.ma\/wp-content\/uploads\/2019\/12\/20191206_145644.jpg\">\n\n    <!--filter-->\n    <div class=\"nd_options_fadeout nd_options_bg_greydark_alpha_2_2 nd_options_position_absolute nd_options_height_100_percentage nd_options_width_100_percentage\">  \n    <\/div>\n    <!--end filter-->\n\n    <!--start content-->\n    <div class=\"nd_options_fadein nd_options_bg_greydark_alpha_5 nd_options_position_absolute nd_options_height_100_percentage nd_options_width_100_percentage\">\n        <div class=\"nd_options_position_absolute nd_options_display_table nd_options_height_100_percentage nd_options_width_100_percentage\">\n            <div class=\"nd_options_display_table_cell nd_options_vertical_align_middle nd_options_text_align_center\">\n                <h3 style=\"color:#fff; font-size:17px; line-height:17px;\" class=\"\"><\/h3>\n                <div class=\"nd_options_section nd_options_height_20\"><\/div>\n                <div class=\"nd_options_mpopup_gallery\"><a style=\"font-size:15px; line-height:15px; color:#fff;\" class=\" nd_options_outline_0  nd_options_mpopup_gallery\" href=\"https:\/\/tanyathaimassage.ma\/wp-content\/uploads\/2019\/12\/20191206_145644.jpg\"><\/a><\/div>\n            <\/div>   \n        <\/div>   \n    <\/div>\n    <!--end content-->\n\n<\/div>\n\n   [\/vc_column_inner][\/vc_row_inner]<div style=\"background-color:; height: 10px;\" class=\"nicdark_section  \"><\/div>[\/vc_column][\/vc_row][vc_row full_width=\u00a0\u00bbstretch_row\u00a0\u00bb content_placement=\u00a0\u00bbmiddle\u00a0\u00bb parallax=\u00a0\u00bbcontent-moving\u00a0\u00bb parallax_image=\u00a0\u00bb1060&Prime; css=\u00a0\u00bb.vc_custom_1575672514904{margin-top: 60px !important;padding-top: 90px !important;padding-bottom: 90px !important;}\u00a0\u00bb el_class=\u00a0\u00bbnd_options_vc_parallax_filter_2_2&Prime;][vc_column width=\u00a0\u00bb6\/12&Prime; css=\u00a0\u00bb.vc_custom_1484647121270{padding-top: 0px !important;}\u00a0\u00bb]<div style=\"background-color:; height: 10px;\" class=\"nicdark_section  \"><\/div> <h3 style=\"color:#ffffff; padding:px; text-align:center; font-size:40px; line-height:40px; letter-spacing: 3px; font-weight:lighter;\" class=\"   nd_options_second_font \">Il parle de nous !<\/h3> <div style=\"background-color:; height: 10px;\" class=\"nicdark_section  \"><\/div><div style=\"background-color:; height: 10px;\" class=\"nicdark_section  \"><\/div><div style=\"background-color:; height: 10px;\" class=\"nicdark_section  \"><\/div> <h3 style=\"color:#ffffff; padding:px; text-align:center; font-size:14px; line-height:14px; letter-spacing: 3px; font-weight:bold;\" class=\"   nd_options_first_font \">J'ai essay\u00e9 le massage thai de Tanya. Ce fut un moment de d\u00e9tente exceptionnel apr\u00e8s lequel j'ai ressenti un repos total de mon corps. Merci Tanya. Je reviendrai. Khalid<\/h3> <div style=\"background-color:; height: 10px;\" class=\"nicdark_section  \"><\/div> <h3 style=\"color:#ffffff; padding:px; text-align:center; font-size:30px; line-height:40px; letter-spacing: 3px; font-weight:lighter;\" class=\"   nd_options_second_font \">Mr Khalid.<\/h3> [\/vc_column][vc_column width=\u00a0\u00bb1\/12&Prime;][\/vc_column][vc_column width=\u00a0\u00bb5\/12&Prime; css=\u00a0\u00bb.vc_custom_1485873822074{padding-right: 30px !important;padding-left: 30px !important;}\u00a0\u00bb]<div style=\"background-color:; height: 10px;\" class=\"nicdark_section  \"><\/div>[vc_row_inner][vc_column_inner css=\u00a0\u00bb.vc_custom_1485873845801{padding-top: 30px !important;padding-right: 30px !important;padding-bottom: 30px !important;padding-left: 30px !important;background-color: #ffffff !important;}\u00a0\u00bb]\n\n  <div class=\"  nd_options_section nd_options_position_relative nd_options_fadein_fadeout nd_options_overflow_hidden\">    \n\n    <img alt=\"\" class=\"nd_options_section nd_options_zoom_image\" src=\"https:\/\/tanyathaimassage.ma\/wp-content\/uploads\/2017\/02\/parallax-2-1024x509.jpg\">\n\n    <!--filter-->\n    <div class=\"nd_options_fadeout nd_options_bg_greydark_alpha_2_2 nd_options_position_absolute nd_options_height_100_percentage nd_options_width_100_percentage\">  \n    <\/div>\n    <!--end filter-->\n\n    <!--start content-->\n    <div class=\"nd_options_fadein nd_options_bg_greydark_alpha_5 nd_options_position_absolute nd_options_height_100_percentage nd_options_width_100_percentage\">\n        <div class=\"nd_options_position_absolute nd_options_display_table nd_options_height_100_percentage nd_options_width_100_percentage\">\n            <div class=\"nd_options_display_table_cell nd_options_vertical_align_middle nd_options_text_align_center\">\n                <h3 style=\"color:#fff; font-size:17px; line-height:17px;\" class=\"\"><\/h3>\n                <div class=\"nd_options_section nd_options_height_20\"><\/div>\n                <div class=\"nd_options_mpopup_gallery\"><a style=\"font-size:15px; line-height:15px; color:#fff;\" class=\" nd_options_outline_0  nd_options_mpopup_gallery\" href=\"https:\/\/tanyathaimassage.ma\/wp-content\/uploads\/2017\/02\/parallax-2-1024x509.jpg\"><\/a><\/div>\n            <\/div>   \n        <\/div>   \n    <\/div>\n    <!--end content-->\n\n<\/div>\n\n   [\/vc_column_inner][\/vc_row_inner]<div style=\"background-color:; height: 10px;\" class=\"nicdark_section  \"><\/div>[\/vc_column][\/vc_row][vc_row full_width=\u00a0\u00bbstretch_row\u00a0\u00bb content_placement=\u00a0\u00bbmiddle\u00a0\u00bb parallax=\u00a0\u00bbcontent-moving\u00a0\u00bb parallax_image=\u00a0\u00bb1061&Prime; css=\u00a0\u00bb.vc_custom_1486476138836{margin-top: 60px !important;padding-top: 90px !important;padding-bottom: 90px !important;}\u00a0\u00bb el_class=\u00a0\u00bbnd_options_vc_parallax_filter_2_2&Prime;][vc_column width=\u00a0\u00bb6\/12&Prime; css=\u00a0\u00bb.vc_custom_1484647121270{padding-top: 0px !important;}\u00a0\u00bb]<div style=\"background-color:; height: 10px;\" class=\"nicdark_section  \"><\/div> <h3 style=\"color:#ffffff; padding:px; text-align:center; font-size:40px; line-height:40px; letter-spacing: 3px; font-weight:lighter;\" class=\"   nd_options_second_font \">All\u00f4 TANYA<\/h3> <div style=\"background-color:; height: 10px;\" class=\"nicdark_section  \"><\/div> <h2 style=\"color:#ffffff; padding:px; text-align:center; font-size:60px; line-height:60px; letter-spacing: px; font-weight:bold;\" class=\"   nd_options_first_font \">+212 6 24 94 39 22<\/h2> <div style=\"background-color:; height: 70px;\" class=\"nicdark_section  \"><\/div><div style=\"background-color:; height: 10px;\" class=\"nicdark_section  \"><\/div>[\/vc_column][vc_column width=\u00a0\u00bb1\/12&Prime;][\/vc_column][vc_column width=\u00a0\u00bb5\/12&Prime; css=\u00a0\u00bb.vc_custom_1485873822074{padding-right: 30px !important;padding-left: 30px !important;}\u00a0\u00bb]<div style=\"background-color:; height: 10px;\" class=\"nicdark_section  \"><\/div>[vc_row_inner][vc_column_inner css=\u00a0\u00bb.vc_custom_1485873845801{padding-top: 30px !important;padding-right: 30px !important;padding-bottom: 30px !important;padding-left: 30px !important;background-color: #ffffff !important;}\u00a0\u00bb] <h5 style=\"color:#c4ab96; padding:px; text-align:center; font-size:15px; line-height:15px; letter-spacing: 3px; font-weight:bold;\" class=\"   nd_options_second_font \">CONTACT<\/h5> <div style=\"background-color:; height: 10px;\" class=\"nicdark_section  \"><\/div> <h2 style=\"color:; padding:px; text-align:center; font-size:25px; line-height:25px; letter-spacing: px; font-weight:normal;\" class=\"    \">Ecrivez-nous<\/h2> <div style=\"background-color:; height: 30px;\" class=\"nicdark_section  \"><\/div>\n\n    <style>\n\n    #nd_options_shortcode_cf7_418 input[type=\"text\"],\n    #nd_options_shortcode_cf7_418 input[type=\"email\"],\n    #nd_options_shortcode_cf7_418 input[type=\"url\"],\n    #nd_options_shortcode_cf7_418 input[type=\"tel\"],\n    #nd_options_shortcode_cf7_418 input[type=\"number\"],\n    #nd_options_shortcode_cf7_418 input[type=\"date\"],\n    #nd_options_shortcode_cf7_418 input[type=\"checkbox\"],\n    #nd_options_shortcode_cf7_418 input[type=\"file\"],\n    #nd_options_shortcode_cf7_418 textarea,\n    #nd_options_shortcode_cf7_418 label,\n    #nd_options_shortcode_cf7_418 select\n    {\n\n      width: 100%;\n\n    }\n\n\n    .nd_options_customizer_forms span.wpcf7-not-valid-tip,\n    .nd_options_customizer_forms .wpcf7-response-output.wpcf7-validation-errors,\n    .nd_options_customizer_forms .wpcf7-response-output.wpcf7-mail-sent-ok\n    {\n\n      float: left;\n      width: 100%;\n      box-sizing: border-box;\n\n    }\n\n    <\/style>\n\n  \n\n    <!--start form-->\n    <div id=\"nd_options_shortcode_cf7_418\" class=\"nd_options_section \">\n      \n      <div class=\"nd_options_section nd_options_box_sizing_border_box\">\n        <div role=\"form\" class=\"wpcf7\" id=\"wpcf7-f418-o1\" lang=\"en-US\" dir=\"ltr\">\n<div class=\"screen-reader-response\"><\/div>\n<form action=\"\/index.php\/wp-json\/wp\/v2\/pages\/1491#wpcf7-f418-o1\" method=\"post\" class=\"wpcf7-form\" novalidate=\"novalidate\">\n<div style=\"display: none;\">\n<input type=\"hidden\" name=\"_wpcf7\" value=\"418\" \/>\n<input type=\"hidden\" name=\"_wpcf7_version\" value=\"5.1.6\" \/>\n<input type=\"hidden\" name=\"_wpcf7_locale\" value=\"en_US\" \/>\n<input type=\"hidden\" name=\"_wpcf7_unit_tag\" value=\"wpcf7-f418-o1\" \/>\n<input type=\"hidden\" name=\"_wpcf7_container_post\" value=\"0\" \/>\n<\/div>\n<div class=\"nd_options_float_left nd_options_box_sizing_border_box nd_options_width_100_percentage_all_iphone_important nd_options_padding_0_right_important_all_iphone nd_options_padding_0_left_important_all_iphone \" style=\"padding: 10px; width:50%;\" ><span class=\"wpcf7-form-control-wrap name\"><input type=\"text\" name=\"name\" value=\"\" size=\"40\" class=\"wpcf7-form-control wpcf7-text wpcf7-validates-as-required nd_options_background_transparent_important nd_options_section\" aria-required=\"true\" aria-invalid=\"false\" placeholder=\"Name\" \/><\/span><\/div><div class=\"nd_options_float_left nd_options_box_sizing_border_box nd_options_width_100_percentage_all_iphone_important nd_options_padding_0_right_important_all_iphone nd_options_padding_0_left_important_all_iphone \" style=\"padding: 10px; width:50%;\" ><span class=\"wpcf7-form-control-wrap surname\"><input type=\"text\" name=\"surname\" value=\"\" size=\"40\" class=\"wpcf7-form-control wpcf7-text wpcf7-validates-as-required nd_options_background_transparent_important nd_options_section\" aria-required=\"true\" aria-invalid=\"false\" placeholder=\"Surname\" \/><\/span><\/div><div class=\"nd_options_float_left nd_options_box_sizing_border_box nd_options_width_100_percentage_all_iphone_important nd_options_padding_0_right_important_all_iphone nd_options_padding_0_left_important_all_iphone \" style=\"padding: 10px; width:50%;\" ><span class=\"wpcf7-form-control-wrap email\"><input type=\"email\" name=\"email\" value=\"\" size=\"40\" class=\"wpcf7-form-control wpcf7-text wpcf7-email wpcf7-validates-as-required wpcf7-validates-as-email nd_options_background_transparent_important nd_options_section\" aria-required=\"true\" aria-invalid=\"false\" placeholder=\"Email\" \/><\/span><\/div><div class=\"nd_options_float_left nd_options_box_sizing_border_box nd_options_width_100_percentage_all_iphone_important nd_options_padding_0_right_important_all_iphone nd_options_padding_0_left_important_all_iphone \" style=\"padding: 10px; width:50%;\" ><span class=\"wpcf7-form-control-wrap subject\"><input type=\"text\" name=\"subject\" value=\"\" size=\"40\" class=\"wpcf7-form-control wpcf7-text wpcf7-validates-as-required nd_options_background_transparent_important nd_options_section\" aria-required=\"true\" aria-invalid=\"false\" placeholder=\"Subject\" \/><\/span><\/div><div class=\"nd_options_float_left nd_options_box_sizing_border_box nd_options_width_100_percentage_all_iphone_important nd_options_padding_0_right_important_all_iphone nd_options_padding_0_left_important_all_iphone \" style=\"padding: 10px; width:100%;\" ><span class=\"wpcf7-form-control-wrap message\"><textarea name=\"message\" cols=\"40\" rows=\"3\" class=\"wpcf7-form-control wpcf7-textarea wpcf7-validates-as-required nd_options_background_transparent_important nd_options_section\" aria-required=\"true\" aria-invalid=\"false\" placeholder=\"Message\"><\/textarea><\/span><\/div><div class=\"nd_options_float_left nd_options_box_sizing_border_box nd_options_width_100_percentage_all_iphone_important nd_options_padding_0_right_important_all_iphone nd_options_padding_0_left_important_all_iphone \" style=\"padding: 10px; width:100%;\" ><input type=\"submit\" value=\"SEND NOW\" class=\"wpcf7-form-control wpcf7-submit nd_options_width_100_percentage\" \/><\/div>\n<input type='hidden' class='wpcf7-pum' value='{\"closepopup\":false,\"closedelay\":0,\"openpopup\":false,\"openpopup_id\":0}' \/><div class=\"wpcf7-response-output wpcf7-display-none\"><\/div><\/form><\/div> \n      <\/div>  \n\n    <\/div>\n    <!--end form-->\n\n   [\/vc_column_inner][\/vc_row_inner]<div style=\"background-color:; height: 10px;\" class=\"nicdark_section  \"><\/div>[\/vc_column][\/vc_row]\n","protected":false},"excerpt":{"rendered":"<p>[vc_row full_width=\u00a0\u00bbstretch_row\u00a0\u00bb content_placement=\u00a0\u00bbmiddle\u00a0\u00bb parallax=\u00a0\u00bbcontent-moving\u00a0\u00bb parallax_image=\u00a0\u00bb1060&Prime; css=\u00a0\u00bb.vc_custom_1575672514904{margin-top: 60px !important;padding-top: 90px !important;padding-bottom: 90px !important;}\u00a0\u00bb el_class=\u00a0\u00bbnd_options_vc_parallax_filter_2_2&Prime;][vc_column width=\u00a0\u00bb6\/12&Prime; css=\u00a0\u00bb.vc_custom_1484647121270{padding-top: 0px !important;}\u00a0\u00bb][\/vc_column][vc_column width=\u00a0\u00bb1\/12&Prime;][\/vc_column][vc_column width=\u00a0\u00bb5\/12&Prime; css=\u00a0\u00bb.vc_custom_1485873822074{padding-right: 30px !important;padding-left: 30px !important;}\u00a0\u00bb][vc_row_inner][vc_column_inner css=\u00a0\u00bb.vc_custom_1485873845801{padding-top: 30px !important;padding-right: 30px !important;padding-bottom: 30px !important;padding-left: 30px !important;background-color: #ffffff !important;}\u00a0\u00bb][\/vc_column_inner][\/vc_row_inner][\/vc_column][\/vc_row][vc_row full_width=\u00a0\u00bbstretch_row\u00a0\u00bb content_placement=\u00a0\u00bbmiddle\u00a0\u00bb parallax=\u00a0\u00bbcontent-moving\u00a0\u00bb parallax_image=\u00a0\u00bb1060&Prime; css=\u00a0\u00bb.vc_custom_1575672514904{margin-top: 60px !important;padding-top: 90px !important;padding-bottom: 90px !important;}\u00a0\u00bb el_class=\u00a0\u00bbnd_options_vc_parallax_filter_2_2&Prime;][vc_column width=\u00a0\u00bb6\/12&Prime; css=\u00a0\u00bb.vc_custom_1484647121270{padding-top: 0px !important;}\u00a0\u00bb][\/vc_column][vc_column width=\u00a0\u00bb1\/12&Prime;][\/vc_column][vc_column width=\u00a0\u00bb5\/12&Prime; css=\u00a0\u00bb.vc_custom_1485873822074{padding-right: 30px [&hellip;]<\/p>\n","protected":false},"author":1,"featured_media":0,"parent":0,"menu_order":0,"comment_status":"closed","ping_status":"closed","template":"","meta":[],"_links":{"self":[{"href":"https:\/\/tanyathaimassage.ma\/index.php\/wp-json\/wp\/v2\/pages\/1491"}],"collection":[{"href":"https:\/\/tanyathaimassage.ma\/index.php\/wp-json\/wp\/v2\/pages"}],"about":[{"href":"https:\/\/tanyathaimassage.ma\/index.php\/wp-json\/wp\/v2\/types\/page"}],"author":[{"embeddable":true,"href":"https:\/\/tanyathaimassage.ma\/index.php\/wp-json\/wp\/v2\/users\/1"}],"replies":[{"embeddable":true,"href":"https:\/\/tanyathaimassage.ma\/index.php\/wp-json\/wp\/v2\/comments?post=1491"}],"version-history":[{"count":10,"href":"https:\/\/tanyathaimassage.ma\/index.php\/wp-json\/wp\/v2\/pages\/1491\/revisions"}],"predecessor-version":[{"id":1528,"href":"https:\/\/tanyathaimassage.ma\/index.php\/wp-json\/wp\/v2\/pages\/1491\/revisions\/1528"}],"wp:attachment":[{"href":"https:\/\/tanyathaimassage.ma\/index.php\/wp-json\/wp\/v2\/media?parent=1491"}],"curies":[{"name":"wp","href":"https:\/\/api.w.org\/{rel}","templated":true}]}}