{"id":34,"date":"2017-01-24T16:07:51","date_gmt":"2017-01-24T16:07:51","guid":{"rendered":"http:\/\/www.nicdarkthemes.com\/themes\/beauty\/wp\/demo\/?page_id=34"},"modified":"2021-01-05T17:12:28","modified_gmt":"2021-01-05T16:12:28","slug":"contact","status":"publish","type":"page","link":"https:\/\/tanyathaimassage.ma\/index.php\/contact\/","title":{"rendered":"All\u00f4 Tanya"},"content":{"rendered":"[vc_row][vc_column width=\u00a0\u00bb1\/2&Prime; css=\u00a0\u00bb.vc_custom_1467214267244{padding-top: 10px !important;padding-bottom: 10px !important;}\u00a0\u00bb] <h3 style=\"color:; padding:px; text-align:; font-size:25px; line-height:25px; letter-spacing: px; font-weight:normal;\" class=\"   nd_options_first_font \">NOUS CONTACTER<\/h3> <div style=\"background-color:; height: 20px;\" class=\"nicdark_section  \"><\/div>[vc_column_text]Pour toute information ou renseignement , n&rsquo;h\u00e9sites pas nous \u00e9crire ou nous appeler sur le num\u00e9ro de +212 6 24 94 39 22\u00a0 ou nous visiter \u00e0 :<\/p>\n<p>&nbsp;<\/p>\n<h5 class=\" nd_options_second_font nd_options_margin_0 nd_options_padding_0\">N\u00b03, Centre commercial Carrefour Ibn Sina , Agdal Rabat.<\/h5>\n<div class=\"nd_options_display_table_cell nd_options_vertical_align_middle nd_options_width_50_percentage nd_options_text_align_left nd_options_padding_10 nd_options_box_sizing_border_box\">\n<h6 class=\" nd_options_first_font nd_options_margin_0 nd_options_padding_0\"><\/h6>\n<\/div>\n<div class=\"nd_options_display_table_cell nd_options_vertical_align_middle nd_options_width_50_percentage nd_options_text_align_right nd_options_padding_10 nd_options_box_sizing_border_box\">\n<h6 class=\" nd_options_second_font nd_options_margin_0 nd_options_padding_0\"><\/h6>\n<\/div>\n[\/vc_column_text]<div style=\"background-color:; height: 20px;\" class=\"nicdark_section  \"><\/div>\n\n    <style>\n\n    #nd_options_shortcode_cf7_19 input[type=\"text\"],\n    #nd_options_shortcode_cf7_19 input[type=\"email\"],\n    #nd_options_shortcode_cf7_19 input[type=\"url\"],\n    #nd_options_shortcode_cf7_19 input[type=\"tel\"],\n    #nd_options_shortcode_cf7_19 input[type=\"number\"],\n    #nd_options_shortcode_cf7_19 input[type=\"date\"],\n    #nd_options_shortcode_cf7_19 input[type=\"checkbox\"],\n    #nd_options_shortcode_cf7_19 input[type=\"file\"],\n    #nd_options_shortcode_cf7_19 textarea,\n    #nd_options_shortcode_cf7_19 label,\n    #nd_options_shortcode_cf7_19 select\n    {\n\n      width: 100%;\n\n    }\n\n\n    .nd_options_customizer_forms span.wpcf7-not-valid-tip,\n    .nd_options_customizer_forms .wpcf7-response-output.wpcf7-validation-errors,\n    .nd_options_customizer_forms .wpcf7-response-output.wpcf7-mail-sent-ok\n    {\n\n      float: left;\n      width: 100%;\n      box-sizing: border-box;\n\n    }\n\n    <\/style>\n\n  \n\n    <!--start form-->\n    <div id=\"nd_options_shortcode_cf7_19\" class=\"nd_options_section \">\n      \n      <div class=\"nd_options_section nd_options_box_sizing_border_box\">\n        <div role=\"form\" class=\"wpcf7\" id=\"wpcf7-f19-o1\" lang=\"en-US\" dir=\"ltr\">\n<div class=\"screen-reader-response\"><\/div>\n<form action=\"\/index.php\/wp-json\/wp\/v2\/pages\/34#wpcf7-f19-o1\" method=\"post\" class=\"wpcf7-form\" novalidate=\"novalidate\">\n<div style=\"display: none;\">\n<input type=\"hidden\" name=\"_wpcf7\" value=\"19\" \/>\n<input type=\"hidden\" name=\"_wpcf7_version\" value=\"5.1.6\" \/>\n<input type=\"hidden\" name=\"_wpcf7_locale\" value=\"en_US\" \/>\n<input type=\"hidden\" name=\"_wpcf7_unit_tag\" value=\"wpcf7-f19-o1\" \/>\n<input type=\"hidden\" name=\"_wpcf7_container_post\" value=\"0\" \/>\n<\/div>\n<div class=\"nd_options_float_left nd_options_box_sizing_border_box nd_options_width_100_percentage_all_iphone_important nd_options_padding_0_right_important_all_iphone nd_options_padding_0_left_important_all_iphone \" style=\"padding: 10px 0px; width:100%;\" ><span class=\"wpcf7-form-control-wrap name\"><input type=\"text\" name=\"name\" value=\"\" size=\"40\" class=\"wpcf7-form-control wpcf7-text wpcf7-validates-as-required\" aria-required=\"true\" aria-invalid=\"false\" placeholder=\"Name\" \/><\/span><\/div><br \/>\n<div class=\"nd_options_float_left nd_options_box_sizing_border_box nd_options_width_100_percentage_all_iphone_important nd_options_padding_0_right_important_all_iphone nd_options_padding_0_left_important_all_iphone \" style=\"padding: 10px 0px; width:100%;\" ><span class=\"wpcf7-form-control-wrap email\"><input type=\"email\" name=\"email\" value=\"\" size=\"40\" class=\"wpcf7-form-control wpcf7-text wpcf7-email wpcf7-validates-as-required wpcf7-validates-as-email\" aria-required=\"true\" aria-invalid=\"false\" placeholder=\"Email\" \/><\/span><\/div><br \/>\n<div class=\"nd_options_float_left nd_options_box_sizing_border_box nd_options_width_100_percentage_all_iphone_important nd_options_padding_0_right_important_all_iphone nd_options_padding_0_left_important_all_iphone \" style=\"padding: 10px 0px; width:100%;\" ><span class=\"wpcf7-form-control-wrap subject\"><input type=\"text\" name=\"subject\" value=\"\" size=\"40\" class=\"wpcf7-form-control wpcf7-text wpcf7-validates-as-required\" aria-required=\"true\" aria-invalid=\"false\" placeholder=\"Subject\" \/><\/span><\/div><br \/>\n<div class=\"nd_options_float_left nd_options_box_sizing_border_box nd_options_width_100_percentage_all_iphone_important nd_options_padding_0_right_important_all_iphone nd_options_padding_0_left_important_all_iphone \" style=\"padding: 10px 0px; width:100%;\" ><span class=\"wpcf7-form-control-wrap message\"><textarea name=\"message\" cols=\"40\" rows=\"8\" class=\"wpcf7-form-control wpcf7-textarea wpcf7-validates-as-required\" aria-required=\"true\" aria-invalid=\"false\" placeholder=\"Message\"><\/textarea><\/span><\/div><br \/>\n<div class=\"nd_options_float_left nd_options_box_sizing_border_box nd_options_width_100_percentage_all_iphone_important nd_options_padding_0_right_important_all_iphone nd_options_padding_0_left_important_all_iphone \" style=\"padding: 10px 0px; width:100%;\" ><input type=\"submit\" value=\"SEND\" class=\"wpcf7-form-control wpcf7-submit nd_options_margin_top_10\" \/><\/div>\n<input type='hidden' class='wpcf7-pum' value='{\"closepopup\":false,\"closedelay\":0,\"openpopup\":false,\"openpopup_id\":0}' \/><div class=\"wpcf7-response-output wpcf7-display-none\"><\/div><\/form><\/div> \n      <\/div>  \n\n    <\/div>\n    <!--end form-->\n\n   [\/vc_column][vc_column width=\u00a0\u00bb1\/2&Prime; css=\u00a0\u00bb.vc_custom_1467214272039{padding-top: 10px !important;padding-bottom: 10px !important;}\u00a0\u00bb][vc_row_inner][vc_column_inner width=\u00a0\u00bb1\/2&Prime;]\n\n\n  <div class=\"nd_options_section  nd_options_display_table \">\n    <div class=\"nd_options_display_table_cell nd_options_vertical_align_middle nd_options_width_50_percentage nd_options_text_align_left nd_options_padding_10 nd_options_box_sizing_border_box\">\n      <h6 class=\" nd_options_first_font nd_options_margin_0 nd_options_padding_0\" style=\"color:#727475;\">ADDRESS :<\/h6>\n    <\/div>\n    <div class=\"nd_options_display_table_cell nd_options_vertical_align_middle nd_options_width_50_percentage nd_options_text_align_right nd_options_padding_10 nd_options_box_sizing_border_box\">\n      <h6 class=\" nd_options_second_font nd_options_margin_0 nd_options_padding_0\" style=\"color:#a3a3a3;\">N\u00b03,Centre commercial Carrefour Ibn Sina , Agdal Rabat.<\/h6>\n    <\/div>\n  <\/div>\n\n\n   <div style=\"background-color:; height: 10px;\" class=\"nicdark_section  \"><\/div><div style=\"background-color:#f1f1f1; height: 1px;\" class=\"nicdark_section  \"><\/div><div style=\"background-color:; height: 10px;\" class=\"nicdark_section  \"><\/div>\n\n\n  <div class=\"nd_options_section  nd_options_display_table \">\n    <div class=\"nd_options_display_table_cell nd_options_vertical_align_middle nd_options_width_50_percentage nd_options_text_align_left nd_options_padding_10 nd_options_box_sizing_border_box\">\n      <h6 class=\" nd_options_first_font nd_options_margin_0 nd_options_padding_0\" style=\"color:#727475;\">VILLE :<\/h6>\n    <\/div>\n    <div class=\"nd_options_display_table_cell nd_options_vertical_align_middle nd_options_width_50_percentage nd_options_text_align_right nd_options_padding_10 nd_options_box_sizing_border_box\">\n      <h6 class=\" nd_options_second_font nd_options_margin_0 nd_options_padding_0\" style=\"color:#a3a3a3;\">RABAT<\/h6>\n    <\/div>\n  <\/div>\n\n\n   [\/vc_column_inner][vc_column_inner width=\u00a0\u00bb1\/2&Prime;]\n\n\n  <div class=\"nd_options_section  nd_options_display_table \">\n    <div class=\"nd_options_display_table_cell nd_options_vertical_align_middle nd_options_width_50_percentage nd_options_text_align_left nd_options_padding_10 nd_options_box_sizing_border_box\">\n      <h6 class=\" nd_options_first_font nd_options_margin_0 nd_options_padding_0\" style=\"color:#727475;\">PHONE :<\/h6>\n    <\/div>\n    <div class=\"nd_options_display_table_cell nd_options_vertical_align_middle nd_options_width_50_percentage nd_options_text_align_right nd_options_padding_10 nd_options_box_sizing_border_box\">\n      <h6 class=\" nd_options_second_font nd_options_margin_0 nd_options_padding_0\" style=\"color:#a3a3a3;\">06 24 94 39 22<\/h6>\n    <\/div>\n  <\/div>\n\n\n   <div style=\"background-color:; height: 10px;\" class=\"nicdark_section  \"><\/div><div style=\"background-color:#f1f1f1; height: 1px;\" class=\"nicdark_section  \"><\/div><div style=\"background-color:; height: 10px;\" class=\"nicdark_section  \"><\/div>\n\n\n  <div class=\"nd_options_section  nd_options_display_table \">\n    <div class=\"nd_options_display_table_cell nd_options_vertical_align_middle nd_options_width_50_percentage nd_options_text_align_left nd_options_padding_10 nd_options_box_sizing_border_box\">\n      <h6 class=\" nd_options_first_font nd_options_margin_0 nd_options_padding_0\" style=\"color:#727475;\">EMAIL :<\/h6>\n    <\/div>\n    <div class=\"nd_options_display_table_cell nd_options_vertical_align_middle nd_options_width_50_percentage nd_options_text_align_right nd_options_padding_10 nd_options_box_sizing_border_box\">\n      <h6 class=\" nd_options_second_font nd_options_margin_0 nd_options_padding_0\" style=\"color:#a3a3a3;\">tanya.traditional@gmail.com<\/h6>\n    <\/div>\n  <\/div>\n\n\n   [\/vc_column_inner][\/vc_row_inner]<div style=\"background-color:; height: 50px;\" class=\"nicdark_section  \"><\/div> <h3 style=\"color:#c4ab96; padding:px; text-align:; font-size:15px; line-height:15px; letter-spacing: 3px; font-weight:bold;\" class=\"   nd_options_second_font \">Horaire de travail : Tous les jours de 11h \u00e0 22h.<\/h3> <div style=\"background-color:; height: 10px;\" class=\"nicdark_section  \"><\/div> <h3 style=\"color:#727475; padding:px; text-align:; font-size:60px; line-height:60px; letter-spacing: px; font-weight:normal;\" class=\"   nd_options_first_font \">+212 6 24 94 39 22<\/h3> [\/vc_column][\/vc_row]\n","protected":false},"excerpt":{"rendered":"<p>[vc_row][vc_column width=\u00a0\u00bb1\/2&Prime; css=\u00a0\u00bb.vc_custom_1467214267244{padding-top: 10px !important;padding-bottom: 10px !important;}\u00a0\u00bb][vc_column_text]Pour toute information ou renseignement , n&rsquo;h\u00e9sites pas nous \u00e9crire ou nous appeler sur le num\u00e9ro de +212 6 24 94 39 22\u00a0 ou nous visiter \u00e0 : &nbsp; N\u00b03, Centre commercial Carrefour Ibn Sina , Agdal Rabat. [\/vc_column_text][\/vc_column][vc_column width=\u00a0\u00bb1\/2&Prime; css=\u00a0\u00bb.vc_custom_1467214272039{padding-top: 10px !important;padding-bottom: 10px !important;}\u00a0\u00bb][vc_row_inner][vc_column_inner width=\u00a0\u00bb1\/2&Prime;][\/vc_column_inner][vc_column_inner width=\u00a0\u00bb1\/2&Prime;][\/vc_column_inner][\/vc_row_inner][\/vc_column][\/vc_row]<\/p>\n","protected":false},"author":1,"featured_media":0,"parent":0,"menu_order":0,"comment_status":"closed","ping_status":"closed","template":"","meta":[],"_links":{"self":[{"href":"https:\/\/tanyathaimassage.ma\/index.php\/wp-json\/wp\/v2\/pages\/34"}],"collection":[{"href":"https:\/\/tanyathaimassage.ma\/index.php\/wp-json\/wp\/v2\/pages"}],"about":[{"href":"https:\/\/tanyathaimassage.ma\/index.php\/wp-json\/wp\/v2\/types\/page"}],"author":[{"embeddable":true,"href":"https:\/\/tanyathaimassage.ma\/index.php\/wp-json\/wp\/v2\/users\/1"}],"replies":[{"embeddable":true,"href":"https:\/\/tanyathaimassage.ma\/index.php\/wp-json\/wp\/v2\/comments?post=34"}],"version-history":[{"count":17,"href":"https:\/\/tanyathaimassage.ma\/index.php\/wp-json\/wp\/v2\/pages\/34\/revisions"}],"predecessor-version":[{"id":1539,"href":"https:\/\/tanyathaimassage.ma\/index.php\/wp-json\/wp\/v2\/pages\/34\/revisions\/1539"}],"wp:attachment":[{"href":"https:\/\/tanyathaimassage.ma\/index.php\/wp-json\/wp\/v2\/media?parent=34"}],"curies":[{"name":"wp","href":"https:\/\/api.w.org\/{rel}","templated":true}]}}